{"id":130,"date":"2017-01-15T10:41:34","date_gmt":"2017-01-15T09:41:34","guid":{"rendered":"http:\/\/www.kwf.cz\/?page_id=130"},"modified":"2021-11-22T19:37:25","modified_gmt":"2021-11-22T18:37:25","slug":"plan","status":"publish","type":"page","link":"http:\/\/www.kwf.cz\/en\/plan\/","title":{"rendered":"Year plan"},"content":{"rendered":"<header class=\"entry-header\">\n<p class=\"page-title\">Pl\u00e1n akc\u00ed, sout\u011b\u017e\u00ed a zkou\u0161ek, kter\u00e9 n\u00e1s \u010dekaj\u00ed tento rok najdete v aktu\u00e1ln\u00edm odkazu na na\u0161\u00ed FB str\u00e1nce <a href=\"https:\/\/www.facebook.com\/KWFCzechRepublic\">https:\/\/www.facebook.com\/KWFCzechRepublic<\/a><\/p>\n<\/header>\n<div class=\"entry-content\">\n<div><\/div>\n<div><\/div>\n<div class=\"addtoany_share_save_container addtoany_content_bottom\"><\/div>\n<\/div>","protected":false},"excerpt":{"rendered":"<p>Pl\u00e1n akc\u00ed, sout\u011b\u017e\u00ed a zkou\u0161ek, kter\u00e9 n\u00e1s \u010dekaj\u00ed tento rok najdete v aktu\u00e1ln\u00edm odkazu na na\u0161\u00ed FB str\u00e1nce https:\/\/www.facebook.com\/KWFCzechRepublic<\/p>","protected":false},"author":2,"featured_media":141,"parent":0,"menu_order":0,"comment_status":"closed","ping_status":"closed","template":"","meta":[],"_links":{"self":[{"href":"http:\/\/www.kwf.cz\/en\/wp-json\/wp\/v2\/pages\/130"}],"collection":[{"href":"http:\/\/www.kwf.cz\/en\/wp-json\/wp\/v2\/pages"}],"about":[{"href":"http:\/\/www.kwf.cz\/en\/wp-json\/wp\/v2\/types\/page"}],"author":[{"embeddable":true,"href":"http:\/\/www.kwf.cz\/en\/wp-json\/wp\/v2\/users\/2"}],"replies":[{"embeddable":true,"href":"http:\/\/www.kwf.cz\/en\/wp-json\/wp\/v2\/comments?post=130"}],"version-history":[{"count":4,"href":"http:\/\/www.kwf.cz\/en\/wp-json\/wp\/v2\/pages\/130\/revisions"}],"predecessor-version":[{"id":180,"href":"http:\/\/www.kwf.cz\/en\/wp-json\/wp\/v2\/pages\/130\/revisions\/180"}],"wp:featuredmedia":[{"embeddable":true,"href":"http:\/\/www.kwf.cz\/en\/wp-json\/wp\/v2\/media\/141"}],"wp:attachment":[{"href":"http:\/\/www.kwf.cz\/en\/wp-json\/wp\/v2\/media?parent=130"}],"curies":[{"name":"wp","href":"https:\/\/api.w.org\/{rel}","templated":true}]}}